{"id":2333,"date":"2022-03-14T12:01:45","date_gmt":"2022-03-14T11:01:45","guid":{"rendered":"https:\/\/www.classicparfums.com\/?page_id=2333"},"modified":"2023-04-12T13:18:00","modified_gmt":"2023-04-12T12:18:00","slug":"histoires-des-parfums","status":"publish","type":"page","link":"https:\/\/www.classicparfums.com\/en\/histoires-des-parfums\/","title":{"rendered":"Histoires des Parfums"},"content":{"rendered":"<div data-elementor-type=\"wp-page\" data-elementor-id=\"2333\" class=\"elementor elementor-2333\" data-elementor-post-type=\"page\">\n\t\t\t\t\t\t<section class=\"elementor-section elementor-top-section elementor-element elementor-element-65eaa15 elementor-section-boxed elementor-section-height-default elementor-section-height-default\" data-id=\"65eaa15\" data-element_type=\"section\" data-e-type=\"section\">\n\t\t\t\t\t\t<div class=\"elementor-container elementor-column-gap-narrow\">\n\t\t\t\t\t<div class=\"elementor-column elementor-col-100 elementor-top-column elementor-element elementor-element-54248d9\" data-id=\"54248d9\" data-element_type=\"column\" data-e-type=\"column\">\n\t\t\t<div class=\"elementor-widget-wrap elementor-element-populated\">\n\t\t\t\t\t\t<div class=\"elementor-element elementor-element-93d146c elementor-widget elementor-widget-video\" data-id=\"93d146c\" data-element_type=\"widget\" data-e-type=\"widget\" data-settings=\"{&quot;video_type&quot;:&quot;hosted&quot;,&quot;controls&quot;:&quot;yes&quot;}\" data-widget_type=\"video.default\">\n\t\t\t\t<div class=\"elementor-widget-container\">\n\t\t\t\t\t\t\t<div class=\"e-hosted-video elementor-wrapper elementor-open-inline\">\n\t\t\t\t\t<video class=\"elementor-video\" src=\"https:\/\/www.classicparfums.com\/wp-content\/uploads\/HdP_YT_Brandvideo_music_1.mp4\" controls=\"\" preload=\"metadata\" controlslist=\"nodownload\" poster=\"https:\/\/www.classicparfums.com\/wp-content\/uploads\/HDP_Banner.jpg\"><\/video>\n\t\t\t\t<\/div>\n\t\t\t\t\t\t<\/div>\n\t\t\t\t<\/div>\n\t\t\t\t\t<\/div>\n\t\t<\/div>\n\t\t\t\t\t<\/div>\n\t\t<\/section>\n\t\t\t\t<section class=\"elementor-section elementor-top-section elementor-element elementor-element-a67e536 elementor-section-boxed elementor-section-height-default elementor-section-height-default\" data-id=\"a67e536\" data-element_type=\"section\" data-e-type=\"section\">\n\t\t\t\t\t\t<div class=\"elementor-container elementor-column-gap-default\">\n\t\t\t\t\t<div class=\"elementor-column elementor-col-50 elementor-top-column elementor-element elementor-element-bb15ef7\" data-id=\"bb15ef7\" data-element_type=\"column\" data-e-type=\"column\">\n\t\t\t<div class=\"elementor-widget-wrap elementor-element-populated\">\n\t\t\t\t\t\t<div class=\"elementor-element elementor-element-898d895 elementor-widget elementor-widget-heading\" data-id=\"898d895\" data-element_type=\"widget\" data-e-type=\"widget\" data-widget_type=\"heading.default\">\n\t\t\t\t<div class=\"elementor-widget-container\">\n\t\t\t\t\t<h2 class=\"elementor-heading-title elementor-size-default\">Histoires de Parfums<\/h2>\t\t\t\t<\/div>\n\t\t\t\t<\/div>\n\t\t\t\t\t<\/div>\n\t\t<\/div>\n\t\t\t\t<div class=\"elementor-column elementor-col-50 elementor-top-column elementor-element elementor-element-256db65\" data-id=\"256db65\" data-element_type=\"column\" data-e-type=\"column\">\n\t\t\t<div class=\"elementor-widget-wrap elementor-element-populated\">\n\t\t\t\t\t\t<div class=\"elementor-element elementor-element-308bc3f elementor-widget elementor-widget-text-editor\" data-id=\"308bc3f\" data-element_type=\"widget\" data-e-type=\"widget\" data-widget_type=\"text-editor.default\">\n\t\t\t\t<div class=\"elementor-widget-container\">\n\t\t\t\t\t\t\t\t\t<p>G\u00e9rald Ghislain has written his own life story with the wild rhythm of a passionate individual. Born in southern France and raised in Morocco, he honed his craft at the ISIPCA perfumery school.<\/p><p>A passionate connoisseur, he savors all the pleasures of life and embellishes his daily life with elegant luxury. Equipped with an insatiable curiosity, this multi-talented individual reads extensively, is constantly on the lookout for new experiences, and draws inspiration from his travels and encounters. G\u00e9rald is impulsive and dedicates himself wholeheartedly to his projects.<\/p><p>Histoires de Parfums is an olfactory library that tells stories of famous personalities, precious raw materials, iconic years, and music<\/p><p>Born from the inspiration of G\u00e9rald Ghislain in 2000, the collection's origin is unique. This gifted storyteller, with an boundless imagination, decided to express his poetic tales through exquisite perfumes, just as books convey the emotions and ideas of their authors.<\/p><p>The fragrances embody the French art of 'haute parfumerie,' both in terms of production, raw materials, and packaging.<\/p>\t\t\t\t\t\t\t\t<\/div>\n\t\t\t\t<\/div>\n\t\t\t\t<div class=\"elementor-element elementor-element-86e4aca elementor-blockquote--skin-boxed elementor-blockquote--align-left elementor-widget elementor-widget-blockquote\" data-id=\"86e4aca\" data-element_type=\"widget\" data-e-type=\"widget\" data-widget_type=\"blockquote.default\">\n\t\t\t\t<div class=\"elementor-widget-container\">\n\t\t\t\t\t\t\t<blockquote class=\"elementor-blockquote\">\n\t\t\t<p class=\"elementor-blockquote__content\">\n\t\t\t\t\"I always felt there was no rhythm or reason for the emotions a scent evokes in us. Scents are magnetic and original. <br>I developed the Histoires de Parfums brand concept years ago to tell stories of extraordinary people.\"\t\t\t<\/p>\n\t\t\t\t\t\t\t<div class=\"e-q-footer\">\n\t\t\t\t\t\t\t\t\t\t\t<cite class=\"elementor-blockquote__author\">Gherald Ghislain<\/cite>\n\t\t\t\t\t\t\t\t\t\t\t\t\t\t<\/div>\n\t\t\t\t\t<\/blockquote>\n\t\t\t\t\t\t<\/div>\n\t\t\t\t<\/div>\n\t\t\t\t\t<\/div>\n\t\t<\/div>\n\t\t\t\t\t<\/div>\n\t\t<\/section>\n\t\t\t\t<section class=\"elementor-section elementor-top-section elementor-element elementor-element-c6788ed elementor-section-boxed elementor-section-height-default elementor-section-height-default\" data-id=\"c6788ed\" data-element_type=\"section\" data-e-type=\"section\">\n\t\t\t\t\t\t<div class=\"elementor-container elementor-column-gap-default\">\n\t\t\t\t\t<div class=\"elementor-column elementor-col-100 elementor-top-column elementor-element elementor-element-71a7c2d\" data-id=\"71a7c2d\" data-element_type=\"column\" data-e-type=\"column\">\n\t\t\t<div class=\"elementor-widget-wrap elementor-element-populated\">\n\t\t\t\t\t\t<div class=\"elementor-element elementor-element-1d61060 elementor-widget elementor-widget-gallery\" data-id=\"1d61060\" data-element_type=\"widget\" data-e-type=\"widget\" data-settings=\"{&quot;columns&quot;:3,&quot;columns_mobile&quot;:2,&quot;gap&quot;:{&quot;unit&quot;:&quot;px&quot;,&quot;size&quot;:14,&quot;sizes&quot;:[]},&quot;aspect_ratio&quot;:&quot;1:1&quot;,&quot;lazyload&quot;:&quot;yes&quot;,&quot;gallery_layout&quot;:&quot;grid&quot;,&quot;columns_tablet&quot;:2,&quot;gap_tablet&quot;:{&quot;unit&quot;:&quot;px&quot;,&quot;size&quot;:10,&quot;sizes&quot;:[]},&quot;gap_mobile&quot;:{&quot;unit&quot;:&quot;px&quot;,&quot;size&quot;:10,&quot;sizes&quot;:[]},&quot;link_to&quot;:&quot;file&quot;,&quot;overlay_background&quot;:&quot;yes&quot;,&quot;content_hover_animation&quot;:&quot;fade-in&quot;}\" data-widget_type=\"gallery.default\">\n\t\t\t\t<div class=\"elementor-widget-container\">\n\t\t\t\t\t\t\t<div class=\"elementor-gallery__container\">\n\t\t\t\t\t\t\t<a class=\"e-gallery-item elementor-gallery-item elementor-animated-content\" href=\"https:\/\/classicparfums.com\/wp-content\/uploads\/HdP_Gerald_boutique_0721.jpg\" data-elementor-open-lightbox=\"yes\" data-elementor-lightbox-slideshow=\"1d61060\" data-e-action-hash=\"#elementor-action%3Aaction%3Dlightbox%26settings%3DeyJpZCI6MzYzNSwidXJsIjoiaHR0cHM6XC9cL2NsYXNzaWNwYXJmdW1zLmNvbVwvd3AtY29udGVudFwvdXBsb2Fkc1wvSGRQX0dlcmFsZF9ib3V0aXF1ZV8wNzIxLmpwZyIsInNsaWRlc2hvdyI6IjFkNjEwNjAifQ%3D%3D\">\n\t\t\t\t\t<div class=\"e-gallery-image elementor-gallery-item__image\" data-thumbnail=\"https:\/\/classicparfums.com\/wp-content\/uploads\/HdP_Gerald_boutique_0721.jpg\" data-width=\"1535\" data-height=\"2047\" aria-label=\"\" role=\"img\" ><\/div>\n\t\t\t\t\t\t\t\t\t\t\t<div class=\"elementor-gallery-item__overlay\"><\/div>\n\t\t\t\t\t\t\t\t\t\t\t\t\t\t<\/a>\n\t\t\t\t\t\t\t<a class=\"e-gallery-item elementor-gallery-item elementor-animated-content\" href=\"https:\/\/classicparfums.com\/wp-content\/uploads\/HDP_ST-TROPEZ_SUMMER-2015_2.jpg\" data-elementor-open-lightbox=\"yes\" data-elementor-lightbox-slideshow=\"1d61060\" data-e-action-hash=\"#elementor-action%3Aaction%3Dlightbox%26settings%3DeyJpZCI6MzYyNywidXJsIjoiaHR0cHM6XC9cL2NsYXNzaWNwYXJmdW1zLmNvbVwvd3AtY29udGVudFwvdXBsb2Fkc1wvSERQX1NULVRST1BFWl9TVU1NRVItMjAxNV8yLmpwZyIsInNsaWRlc2hvdyI6IjFkNjEwNjAifQ%3D%3D\">\n\t\t\t\t\t<div class=\"e-gallery-image elementor-gallery-item__image\" data-thumbnail=\"https:\/\/classicparfums.com\/wp-content\/uploads\/HDP_ST-TROPEZ_SUMMER-2015_2.jpg\" data-width=\"1280\" data-height=\"1280\" aria-label=\"\" role=\"img\" ><\/div>\n\t\t\t\t\t\t\t\t\t\t\t<div class=\"elementor-gallery-item__overlay\"><\/div>\n\t\t\t\t\t\t\t\t\t\t\t\t\t\t<\/a>\n\t\t\t\t\t\t\t<a class=\"e-gallery-item elementor-gallery-item elementor-animated-content\" href=\"https:\/\/classicparfums.com\/wp-content\/uploads\/HDP_BOTTLE-BLUE-Y-Y-scaled.jpg\" data-elementor-open-lightbox=\"yes\" data-elementor-lightbox-slideshow=\"1d61060\" data-e-action-hash=\"#elementor-action%3Aaction%3Dlightbox%26settings%3DeyJpZCI6MzYzMSwidXJsIjoiaHR0cHM6XC9cL2NsYXNzaWNwYXJmdW1zLmNvbVwvd3AtY29udGVudFwvdXBsb2Fkc1wvSERQX0JPVFRMRS1CTFVFLVktWS1zY2FsZWQuanBnIiwic2xpZGVzaG93IjoiMWQ2MTA2MCJ9\">\n\t\t\t\t\t<div class=\"e-gallery-image elementor-gallery-item__image\" data-thumbnail=\"https:\/\/classicparfums.com\/wp-content\/uploads\/HDP_BOTTLE-BLUE-Y-Y-scaled.jpg\" data-width=\"1997\" data-height=\"2560\" aria-label=\"\" role=\"img\" ><\/div>\n\t\t\t\t\t\t\t\t\t\t\t<div class=\"elementor-gallery-item__overlay\"><\/div>\n\t\t\t\t\t\t\t\t\t\t\t\t\t\t<\/a>\n\t\t\t\t\t\t\t<a class=\"e-gallery-item elementor-gallery-item elementor-animated-content\" href=\"https:\/\/classicparfums.com\/wp-content\/uploads\/HDP_BOOK.jpeg\" data-elementor-open-lightbox=\"yes\" data-elementor-lightbox-slideshow=\"1d61060\" data-e-action-hash=\"#elementor-action%3Aaction%3Dlightbox%26settings%3DeyJpZCI6MzYyOSwidXJsIjoiaHR0cHM6XC9cL2NsYXNzaWNwYXJmdW1zLmNvbVwvd3AtY29udGVudFwvdXBsb2Fkc1wvSERQX0JPT0suanBlZyIsInNsaWRlc2hvdyI6IjFkNjEwNjAifQ%3D%3D\">\n\t\t\t\t\t<div class=\"e-gallery-image elementor-gallery-item__image\" data-thumbnail=\"https:\/\/classicparfums.com\/wp-content\/uploads\/HDP_BOOK.jpeg\" data-width=\"1536\" data-height=\"1536\" aria-label=\"\" role=\"img\" ><\/div>\n\t\t\t\t\t\t\t\t\t\t\t<div class=\"elementor-gallery-item__overlay\"><\/div>\n\t\t\t\t\t\t\t\t\t\t\t\t\t\t<\/a>\n\t\t\t\t\t\t\t<a class=\"e-gallery-item elementor-gallery-item elementor-animated-content\" href=\"https:\/\/classicparfums.com\/wp-content\/uploads\/HDP_MOULIN-ROUGE_1889.jpg\" data-elementor-open-lightbox=\"yes\" data-elementor-lightbox-slideshow=\"1d61060\" data-e-action-hash=\"#elementor-action%3Aaction%3Dlightbox%26settings%3DeyJpZCI6MzYzNiwidXJsIjoiaHR0cHM6XC9cL2NsYXNzaWNwYXJmdW1zLmNvbVwvd3AtY29udGVudFwvdXBsb2Fkc1wvSERQX01PVUxJTi1ST1VHRV8xODg5LmpwZyIsInNsaWRlc2hvdyI6IjFkNjEwNjAifQ%3D%3D\">\n\t\t\t\t\t<div class=\"e-gallery-image elementor-gallery-item__image\" data-thumbnail=\"https:\/\/classicparfums.com\/wp-content\/uploads\/HDP_MOULIN-ROUGE_1889.jpg\" data-width=\"1200\" data-height=\"1600\" aria-label=\"\" role=\"img\" ><\/div>\n\t\t\t\t\t\t\t\t\t\t\t<div class=\"elementor-gallery-item__overlay\"><\/div>\n\t\t\t\t\t\t\t\t\t\t\t\t\t\t<\/a>\n\t\t\t\t\t\t\t<a class=\"e-gallery-item elementor-gallery-item elementor-animated-content\" href=\"https:\/\/classicparfums.com\/wp-content\/uploads\/HdP_1826_HD.jpg\" data-elementor-open-lightbox=\"yes\" data-elementor-lightbox-slideshow=\"1d61060\" data-e-action-hash=\"#elementor-action%3Aaction%3Dlightbox%26settings%3DeyJpZCI6MzYzNCwidXJsIjoiaHR0cHM6XC9cL2NsYXNzaWNwYXJmdW1zLmNvbVwvd3AtY29udGVudFwvdXBsb2Fkc1wvSGRQXzE4MjZfSEQuanBnIiwic2xpZGVzaG93IjoiMWQ2MTA2MCJ9\">\n\t\t\t\t\t<div class=\"e-gallery-image elementor-gallery-item__image\" data-thumbnail=\"https:\/\/classicparfums.com\/wp-content\/uploads\/HdP_1826_HD.jpg\" data-width=\"1365\" data-height=\"2048\" aria-label=\"\" role=\"img\" ><\/div>\n\t\t\t\t\t\t\t\t\t\t\t<div class=\"elementor-gallery-item__overlay\"><\/div>\n\t\t\t\t\t\t\t\t\t\t\t\t\t\t<\/a>\n\t\t\t\t\t\t\t<a class=\"e-gallery-item elementor-gallery-item elementor-animated-content\" href=\"https:\/\/classicparfums.com\/wp-content\/uploads\/HdP_1804_HD.jpg\" data-elementor-open-lightbox=\"yes\" data-elementor-lightbox-slideshow=\"1d61060\" data-e-action-hash=\"#elementor-action%3Aaction%3Dlightbox%26settings%3DeyJpZCI6MzYzMywidXJsIjoiaHR0cHM6XC9cL2NsYXNzaWNwYXJmdW1zLmNvbVwvd3AtY29udGVudFwvdXBsb2Fkc1wvSGRQXzE4MDRfSEQuanBnIiwic2xpZGVzaG93IjoiMWQ2MTA2MCJ9\">\n\t\t\t\t\t<div class=\"e-gallery-image elementor-gallery-item__image\" data-thumbnail=\"https:\/\/classicparfums.com\/wp-content\/uploads\/HdP_1804_HD.jpg\" data-width=\"1365\" data-height=\"2048\" aria-label=\"\" role=\"img\" ><\/div>\n\t\t\t\t\t\t\t\t\t\t\t<div class=\"elementor-gallery-item__overlay\"><\/div>\n\t\t\t\t\t\t\t\t\t\t\t\t\t\t<\/a>\n\t\t\t\t\t\t\t<a class=\"e-gallery-item elementor-gallery-item elementor-animated-content\" href=\"https:\/\/classicparfums.com\/wp-content\/uploads\/1740-@planarparfums.jpg\" data-elementor-open-lightbox=\"yes\" data-elementor-lightbox-slideshow=\"1d61060\" data-e-action-hash=\"#elementor-action%3Aaction%3Dlightbox%26settings%3DeyJpZCI6MzYzMiwidXJsIjoiaHR0cHM6XC9cL2NsYXNzaWNwYXJmdW1zLmNvbVwvd3AtY29udGVudFwvdXBsb2Fkc1wvMTc0MC1AcGxhbmFycGFyZnVtcy5qcGciLCJzbGlkZXNob3ciOiIxZDYxMDYwIn0%3D\">\n\t\t\t\t\t<div class=\"e-gallery-image elementor-gallery-item__image\" data-thumbnail=\"https:\/\/classicparfums.com\/wp-content\/uploads\/1740-@planarparfums.jpg\" data-width=\"1000\" data-height=\"1000\" aria-label=\"\" role=\"img\" ><\/div>\n\t\t\t\t\t\t\t\t\t\t\t<div class=\"elementor-gallery-item__overlay\"><\/div>\n\t\t\t\t\t\t\t\t\t\t\t\t\t\t<\/a>\n\t\t\t\t\t\t\t<a class=\"e-gallery-item elementor-gallery-item elementor-animated-content\" href=\"https:\/\/classicparfums.com\/wp-content\/uploads\/HdP_Blotter-holder-2.jpg\" data-elementor-open-lightbox=\"yes\" data-elementor-lightbox-slideshow=\"1d61060\" data-e-action-hash=\"#elementor-action%3Aaction%3Dlightbox%26settings%3DeyJpZCI6MzYyNiwidXJsIjoiaHR0cHM6XC9cL2NsYXNzaWNwYXJmdW1zLmNvbVwvd3AtY29udGVudFwvdXBsb2Fkc1wvSGRQX0Jsb3R0ZXItaG9sZGVyLTIuanBnIiwic2xpZGVzaG93IjoiMWQ2MTA2MCJ9\">\n\t\t\t\t\t<div class=\"e-gallery-image elementor-gallery-item__image\" data-thumbnail=\"https:\/\/classicparfums.com\/wp-content\/uploads\/HdP_Blotter-holder-2.jpg\" data-width=\"1181\" data-height=\"1772\" aria-label=\"\" role=\"img\" ><\/div>\n\t\t\t\t\t\t\t\t\t\t\t<div class=\"elementor-gallery-item__overlay\"><\/div>\n\t\t\t\t\t\t\t\t\t\t\t\t\t\t<\/a>\n\t\t\t\t\t<\/div>\n\t\t\t\t\t<\/div>\n\t\t\t\t<\/div>\n\t\t\t\t\t<\/div>\n\t\t<\/div>\n\t\t\t\t\t<\/div>\n\t\t<\/section>\n\t\t\t\t<section class=\"elementor-section elementor-top-section elementor-element elementor-element-30131e0 elementor-hidden-desktop elementor-hidden-tablet elementor-hidden-mobile elementor-section-boxed elementor-section-height-default elementor-section-height-default\" data-id=\"30131e0\" data-element_type=\"section\" data-e-type=\"section\">\n\t\t\t\t\t\t<div class=\"elementor-container elementor-column-gap-default\">\n\t\t\t\t\t<div class=\"elementor-column elementor-col-100 elementor-top-column elementor-element elementor-element-ff6f7e6\" data-id=\"ff6f7e6\" data-element_type=\"column\" data-e-type=\"column\">\n\t\t\t<div class=\"elementor-widget-wrap elementor-element-populated\">\n\t\t\t\t\t\t<div class=\"elementor-element elementor-element-ca73b83 elementor-widget elementor-widget-image\" data-id=\"ca73b83\" data-element_type=\"widget\" data-e-type=\"widget\" data-widget_type=\"image.default\">\n\t\t\t\t<div class=\"elementor-widget-container\">\n\t\t\t\t\t\t\t\t\t\t\t\t\t\t\t<img decoding=\"async\" width=\"150\" height=\"150\" src=\"https:\/\/classicparfums.com\/wp-content\/uploads\/2018\/01\/HDP.jpg\" class=\"attachment-large size-large wp-image-1767\" alt=\"\" srcset=\"https:\/\/classicparfums.com\/wp-content\/uploads\/2018\/01\/HDP.jpg 150w, https:\/\/classicparfums.com\/wp-content\/uploads\/2018\/01\/HDP-100x100.jpg 100w\" sizes=\"(max-width: 150px) 100vw, 150px\" \/>\t\t\t\t\t\t\t\t\t\t\t\t\t\t\t<\/div>\n\t\t\t\t<\/div>\n\t\t\t\t<div class=\"elementor-element elementor-element-f8e4336 elementor-widget elementor-widget-text-editor\" data-id=\"f8e4336\" data-element_type=\"widget\" data-e-type=\"widget\" data-widget_type=\"text-editor.default\">\n\t\t\t\t<div class=\"elementor-widget-container\">\n\t\t\t\t\t\t\t\t\t<p>G\u00e9rald Ghislain has written his own life story with the wild rhythm of a passionate individual. Born in southern France and raised in Morocco, he honed his craft at the ISIPCA perfumery school.<\/p>\t\t\t\t\t\t\t\t<\/div>\n\t\t\t\t<\/div>\n\t\t\t\t<div class=\"elementor-element elementor-element-dd862c5 elementor-widget elementor-widget-image\" data-id=\"dd862c5\" data-element_type=\"widget\" data-e-type=\"widget\" data-widget_type=\"image.default\">\n\t\t\t\t<div class=\"elementor-widget-container\">\n\t\t\t\t\t\t\t\t\t\t\t\t\t\t\t<img fetchpriority=\"high\" decoding=\"async\" width=\"800\" height=\"800\" src=\"https:\/\/classicparfums.com\/wp-content\/uploads\/2018\/01\/HDP_GERALD-OF-THE-VALLEY-1024x1024.jpg\" class=\"attachment-large size-large wp-image-1951\" alt=\"\" srcset=\"https:\/\/classicparfums.com\/wp-content\/uploads\/2018\/01\/HDP_GERALD-OF-THE-VALLEY-1024x1024.jpg 1024w, https:\/\/classicparfums.com\/wp-content\/uploads\/2018\/01\/HDP_GERALD-OF-THE-VALLEY-150x150.jpg 150w, https:\/\/classicparfums.com\/wp-content\/uploads\/2018\/01\/HDP_GERALD-OF-THE-VALLEY-300x300.jpg 300w, https:\/\/classicparfums.com\/wp-content\/uploads\/2018\/01\/HDP_GERALD-OF-THE-VALLEY-768x768.jpg 768w, https:\/\/classicparfums.com\/wp-content\/uploads\/2018\/01\/HDP_GERALD-OF-THE-VALLEY-100x100.jpg 100w, https:\/\/classicparfums.com\/wp-content\/uploads\/2018\/01\/HDP_GERALD-OF-THE-VALLEY.jpg 1280w\" sizes=\"(max-width: 800px) 100vw, 800px\" \/>\t\t\t\t\t\t\t\t\t\t\t\t\t\t\t<\/div>\n\t\t\t\t<\/div>\n\t\t\t\t<div class=\"elementor-element elementor-element-3e692cf elementor-widget elementor-widget-text-editor\" data-id=\"3e692cf\" data-element_type=\"widget\" data-e-type=\"widget\" data-widget_type=\"text-editor.default\">\n\t\t\t\t<div class=\"elementor-widget-container\">\n\t\t\t\t\t\t\t\t\t<p>A passionate connoisseur, he savors all the pleasures of life and embellishes his daily life with elegant luxury. Equipped with an insatiable curiosity, this multi-talented individual reads extensively, is constantly on the lookout for new experiences, and draws inspiration from his travels and encounters. G\u00e9rald is impulsive and dedicates himself wholeheartedly to his projects.<\/p><p>Histoires de Parfums is an olfactory library that tells stories of famous personalities, precious raw materials, iconic years, and music<\/p>\t\t\t\t\t\t\t\t<\/div>\n\t\t\t\t<\/div>\n\t\t\t\t<div class=\"elementor-element elementor-element-97f314e elementor-widget elementor-widget-image\" data-id=\"97f314e\" data-element_type=\"widget\" data-e-type=\"widget\" data-widget_type=\"image.default\">\n\t\t\t\t<div class=\"elementor-widget-container\">\n\t\t\t\t\t\t\t\t\t\t\t\t\t\t\t<img decoding=\"async\" width=\"683\" height=\"1024\" src=\"https:\/\/classicparfums.com\/wp-content\/uploads\/2018\/01\/HdP_1804_HD-683x1024.jpg\" class=\"attachment-large size-large wp-image-1952\" alt=\"\" srcset=\"https:\/\/classicparfums.com\/wp-content\/uploads\/2018\/01\/HdP_1804_HD-683x1024.jpg 683w, https:\/\/classicparfums.com\/wp-content\/uploads\/2018\/01\/HdP_1804_HD-200x300.jpg 200w, https:\/\/classicparfums.com\/wp-content\/uploads\/2018\/01\/HdP_1804_HD-768x1152.jpg 768w, https:\/\/classicparfums.com\/wp-content\/uploads\/2018\/01\/HdP_1804_HD.jpg 1365w\" sizes=\"(max-width: 683px) 100vw, 683px\" \/>\t\t\t\t\t\t\t\t\t\t\t\t\t\t\t<\/div>\n\t\t\t\t<\/div>\n\t\t\t\t<div class=\"elementor-element elementor-element-9afbaf6 elementor-widget elementor-widget-text-editor\" data-id=\"9afbaf6\" data-element_type=\"widget\" data-e-type=\"widget\" data-widget_type=\"text-editor.default\">\n\t\t\t\t<div class=\"elementor-widget-container\">\n\t\t\t\t\t\t\t\t\t<p>Born from the inspiration of G\u00e9rald Ghislain in 2000, the collection's origin is unique. This gifted storyteller, with an boundless imagination, decided to express his poetic tales through exquisite perfumes, just as books convey the emotions and ideas of their authors.<\/p><p>The fragrances embody the French art of 'haute parfumerie,' both in terms of production, raw materials, and packaging.<\/p>\t\t\t\t\t\t\t\t<\/div>\n\t\t\t\t<\/div>\n\t\t\t\t\t<\/div>\n\t\t<\/div>\n\t\t\t\t\t<\/div>\n\t\t<\/section>\n\t\t\t\t<\/div>","protected":false},"excerpt":{"rendered":"<p>https:\/\/www.classicparfums.com\/wp-content\/uploads\/HdP_YT_Brandvideo_music_1.mp4 Histoires de Parfums G\u00e9rald Ghislain hat seine eigene Lebensgeschichte im wilden Rhythmus eines leidenschaftlichen Menschen geschrieben.Geboren im S\u00fcden Frankreichs und aufgewachsen in Marokko hat er sein Handwerk an der Parfumeurschule ISIPCA gelernt. Der passionierte Geniesser probiert alle Reize des Lebens und versch\u00f6nert sein allt\u00e4gliches Leben mit elegantem Luxus. Der Allesk\u00f6nner, der mit einer uners\u00e4ttlichen [&hellip;]<\/p>\n","protected":false},"author":5,"featured_media":0,"parent":0,"menu_order":14,"comment_status":"closed","ping_status":"closed","template":"","meta":{"footnotes":""},"class_list":["post-2333","page","type-page","status-publish","hentry"],"_links":{"self":[{"href":"https:\/\/www.classicparfums.com\/en\/wp-json\/wp\/v2\/pages\/2333","targetHints":{"allow":["GET"]}}],"collection":[{"href":"https:\/\/www.classicparfums.com\/en\/wp-json\/wp\/v2\/pages"}],"about":[{"href":"https:\/\/www.classicparfums.com\/en\/wp-json\/wp\/v2\/types\/page"}],"author":[{"embeddable":true,"href":"https:\/\/www.classicparfums.com\/en\/wp-json\/wp\/v2\/users\/5"}],"replies":[{"embeddable":true,"href":"https:\/\/www.classicparfums.com\/en\/wp-json\/wp\/v2\/comments?post=2333"}],"version-history":[{"count":0,"href":"https:\/\/www.classicparfums.com\/en\/wp-json\/wp\/v2\/pages\/2333\/revisions"}],"wp:attachment":[{"href":"https:\/\/www.classicparfums.com\/en\/wp-json\/wp\/v2\/media?parent=2333"}],"curies":[{"name":"wp","href":"https:\/\/api.w.org\/{rel}","templated":true}]}}