{"id":2345,"date":"2022-03-14T13:01:09","date_gmt":"2022-03-14T12:01:09","guid":{"rendered":"https:\/\/www.classicparfums.com\/?page_id=2345"},"modified":"2023-03-13T09:53:49","modified_gmt":"2023-03-13T08:53:49","slug":"panadora","status":"publish","type":"page","link":"https:\/\/www.classicparfums.com\/en\/panadora\/","title":{"rendered":"Panadora"},"content":{"rendered":"<div data-elementor-type=\"wp-page\" data-elementor-id=\"2345\" class=\"elementor elementor-2345\" data-elementor-post-type=\"page\">\n\t\t\t\t\t\t<section class=\"elementor-section elementor-top-section elementor-element elementor-element-5790405 elementor-section-boxed elementor-section-height-default elementor-section-height-default\" data-id=\"5790405\" data-element_type=\"section\" data-e-type=\"section\">\n\t\t\t\t\t\t<div class=\"elementor-container elementor-column-gap-narrow\">\n\t\t\t\t\t<div class=\"elementor-column elementor-col-100 elementor-top-column elementor-element elementor-element-d54f77d\" data-id=\"d54f77d\" data-element_type=\"column\" data-e-type=\"column\">\n\t\t\t<div class=\"elementor-widget-wrap elementor-element-populated\">\n\t\t\t\t\t\t<div class=\"elementor-element elementor-element-11d0481 elementor-widget elementor-widget-video\" data-id=\"11d0481\" data-element_type=\"widget\" data-e-type=\"widget\" data-settings=\"{&quot;show_image_overlay&quot;:&quot;yes&quot;,&quot;image_overlay&quot;:{&quot;url&quot;:&quot;https:\\\/\\\/www.classicparfums.com\\\/wp-content\\\/uploads\\\/Group-5-scaled-e1676987344648.jpg&quot;,&quot;id&quot;:3548,&quot;size&quot;:&quot;&quot;,&quot;alt&quot;:&quot;&quot;,&quot;source&quot;:&quot;library&quot;},&quot;video_type&quot;:&quot;hosted&quot;,&quot;controls&quot;:&quot;yes&quot;}\" data-widget_type=\"video.default\">\n\t\t\t\t<div class=\"elementor-widget-container\">\n\t\t\t\t\t\t\t<div class=\"e-hosted-video elementor-wrapper elementor-open-inline\">\n\t\t\t\t\t<video class=\"elementor-video\" src=\"https:\/\/www.classicparfums.com\/wp-content\/uploads\/Pan-dora-reklam.mp4\" controls=\"\" preload=\"metadata\" controlslist=\"nodownload\"><\/video>\n\t\t\t\t\t\t<div class=\"elementor-custom-embed-image-overlay\" style=\"background-image: url(https:\/\/classicparfums.com\/wp-content\/uploads\/Group-5-scaled-e1676987344648.jpg);\">\n\t\t\t\t\t\t\t\t\t\t\t\t\t\t\t\t<div class=\"elementor-custom-embed-play\" role=\"button\" aria-label=\"Play Video\" tabindex=\"0\">\n\t\t\t\t\t\t\t<i aria-hidden=\"true\" class=\"eicon-play\"><\/i>\t\t\t\t\t\t<\/div>\n\t\t\t\t\t\t\t\t\t<\/div>\n\t\t\t\t\t<\/div>\n\t\t\t\t\t\t<\/div>\n\t\t\t\t<\/div>\n\t\t\t\t\t<\/div>\n\t\t<\/div>\n\t\t\t\t\t<\/div>\n\t\t<\/section>\n\t\t\t\t<section class=\"elementor-section elementor-top-section elementor-element elementor-element-9bedf0e elementor-section-boxed elementor-section-height-default elementor-section-height-default\" data-id=\"9bedf0e\" data-element_type=\"section\" data-e-type=\"section\">\n\t\t\t\t\t\t<div class=\"elementor-container elementor-column-gap-default\">\n\t\t\t\t\t<div class=\"elementor-column elementor-col-50 elementor-top-column elementor-element elementor-element-31fec2f\" data-id=\"31fec2f\" data-element_type=\"column\" data-e-type=\"column\">\n\t\t\t<div class=\"elementor-widget-wrap elementor-element-populated\">\n\t\t\t\t\t\t<div class=\"elementor-element elementor-element-013d615 elementor-widget elementor-widget-heading\" data-id=\"013d615\" data-element_type=\"widget\" data-e-type=\"widget\" data-widget_type=\"heading.default\">\n\t\t\t\t<div class=\"elementor-widget-container\">\n\t\t\t\t\t<h2 class=\"elementor-heading-title elementor-size-default\">Pana dora<\/h2>\t\t\t\t<\/div>\n\t\t\t\t<\/div>\n\t\t\t\t\t<\/div>\n\t\t<\/div>\n\t\t\t\t<div class=\"elementor-column elementor-col-50 elementor-top-column elementor-element elementor-element-51aeb23\" data-id=\"51aeb23\" data-element_type=\"column\" data-e-type=\"column\">\n\t\t\t<div class=\"elementor-widget-wrap elementor-element-populated\">\n\t\t\t\t\t\t<div class=\"elementor-element elementor-element-fc89632 elementor-widget elementor-widget-text-editor\" data-id=\"fc89632\" data-element_type=\"widget\" data-e-type=\"widget\" data-widget_type=\"text-editor.default\">\n\t\t\t\t<div class=\"elementor-widget-container\">\n\t\t\t\t\t\t\t\t\t<p>To discover the story of Pana Dora perfumes, you must embark on an adventure into Swedish culture and lifestyle. The history of these perfumes begins in the 17th century, during the era of Sweden's breakthrough and unification. The vast Swedish Empire, with its markets and businesses, showcased the diversity of its mountain, land, and coastal regions in true beauty. Each place could be attributed a unique scent. Only the finest perfumiers were able to trace the scent that emanated from the land and its historical corners. They created the finest details and breathed life into them, so that Sweden is reborn through the fragrance spectrum of the Pana Dora collection. Perfumes that represent all aspects and facets of public life in Sweden, with fragrant trees, water, markets, pubs, streets, and forests, bottled in flacons with a stag's head, representing the Swedish wildlife.<\/p>\t\t\t\t\t\t\t\t<\/div>\n\t\t\t\t<\/div>\n\t\t\t\t\t<\/div>\n\t\t<\/div>\n\t\t\t\t\t<\/div>\n\t\t<\/section>\n\t\t\t\t<section class=\"elementor-section elementor-top-section elementor-element elementor-element-deaf94b elementor-section-boxed elementor-section-height-default elementor-section-height-default\" data-id=\"deaf94b\" data-element_type=\"section\" data-e-type=\"section\">\n\t\t\t\t\t\t<div class=\"elementor-container elementor-column-gap-default\">\n\t\t\t\t\t<div class=\"elementor-column elementor-col-100 elementor-top-column elementor-element elementor-element-1360128\" data-id=\"1360128\" data-element_type=\"column\" data-e-type=\"column\">\n\t\t\t<div class=\"elementor-widget-wrap elementor-element-populated\">\n\t\t\t\t\t\t<div class=\"elementor-element elementor-element-2ef2eb8 elementor-widget elementor-widget-gallery\" data-id=\"2ef2eb8\" data-element_type=\"widget\" data-e-type=\"widget\" data-settings=\"{&quot;columns&quot;:3,&quot;columns_mobile&quot;:2,&quot;gap&quot;:{&quot;unit&quot;:&quot;px&quot;,&quot;size&quot;:14,&quot;sizes&quot;:[]},&quot;aspect_ratio&quot;:&quot;1:1&quot;,&quot;lazyload&quot;:&quot;yes&quot;,&quot;gallery_layout&quot;:&quot;grid&quot;,&quot;columns_tablet&quot;:2,&quot;gap_tablet&quot;:{&quot;unit&quot;:&quot;px&quot;,&quot;size&quot;:10,&quot;sizes&quot;:[]},&quot;gap_mobile&quot;:{&quot;unit&quot;:&quot;px&quot;,&quot;size&quot;:10,&quot;sizes&quot;:[]},&quot;link_to&quot;:&quot;file&quot;,&quot;overlay_background&quot;:&quot;yes&quot;,&quot;content_hover_animation&quot;:&quot;fade-in&quot;}\" data-widget_type=\"gallery.default\">\n\t\t\t\t<div class=\"elementor-widget-container\">\n\t\t\t\t\t\t\t<div class=\"elementor-gallery__container\">\n\t\t\t\t\t\t\t<a class=\"e-gallery-item elementor-gallery-item elementor-animated-content\" href=\"https:\/\/classicparfums.com\/wp-content\/uploads\/Group-10-scaled.jpg\" data-elementor-open-lightbox=\"yes\" data-elementor-lightbox-slideshow=\"2ef2eb8\" data-e-action-hash=\"#elementor-action%3Aaction%3Dlightbox%26settings%3DeyJpZCI6MzU0OSwidXJsIjoiaHR0cHM6XC9cL2NsYXNzaWNwYXJmdW1zLmNvbVwvd3AtY29udGVudFwvdXBsb2Fkc1wvR3JvdXAtMTAtc2NhbGVkLmpwZyIsInNsaWRlc2hvdyI6IjJlZjJlYjgifQ%3D%3D\">\n\t\t\t\t\t<div class=\"e-gallery-image elementor-gallery-item__image\" data-thumbnail=\"https:\/\/classicparfums.com\/wp-content\/uploads\/Group-10-scaled.jpg\" data-width=\"2560\" data-height=\"1707\" aria-label=\"\" role=\"img\" ><\/div>\n\t\t\t\t\t\t\t\t\t\t\t<div class=\"elementor-gallery-item__overlay\"><\/div>\n\t\t\t\t\t\t\t\t\t\t\t\t\t\t<\/a>\n\t\t\t\t\t\t\t<a class=\"e-gallery-item elementor-gallery-item elementor-animated-content\" href=\"https:\/\/classicparfums.com\/wp-content\/uploads\/Imperial-wood-14-scaled.jpg\" data-elementor-open-lightbox=\"yes\" data-elementor-lightbox-slideshow=\"2ef2eb8\" data-e-action-hash=\"#elementor-action%3Aaction%3Dlightbox%26settings%3DeyJpZCI6MzU1MSwidXJsIjoiaHR0cHM6XC9cL2NsYXNzaWNwYXJmdW1zLmNvbVwvd3AtY29udGVudFwvdXBsb2Fkc1wvSW1wZXJpYWwtd29vZC0xNC1zY2FsZWQuanBnIiwic2xpZGVzaG93IjoiMmVmMmViOCJ9\">\n\t\t\t\t\t<div class=\"e-gallery-image elementor-gallery-item__image\" data-thumbnail=\"https:\/\/classicparfums.com\/wp-content\/uploads\/Imperial-wood-14-scaled.jpg\" data-width=\"2560\" data-height=\"2271\" aria-label=\"\" role=\"img\" ><\/div>\n\t\t\t\t\t\t\t\t\t\t\t<div class=\"elementor-gallery-item__overlay\"><\/div>\n\t\t\t\t\t\t\t\t\t\t\t\t\t\t<\/a>\n\t\t\t\t\t\t\t<a class=\"e-gallery-item elementor-gallery-item elementor-animated-content\" href=\"https:\/\/classicparfums.com\/wp-content\/uploads\/Velvet-Iris-4-scaled.jpg\" data-elementor-open-lightbox=\"yes\" data-elementor-lightbox-slideshow=\"2ef2eb8\" data-e-action-hash=\"#elementor-action%3Aaction%3Dlightbox%26settings%3DeyJpZCI6MzU1MiwidXJsIjoiaHR0cHM6XC9cL2NsYXNzaWNwYXJmdW1zLmNvbVwvd3AtY29udGVudFwvdXBsb2Fkc1wvVmVsdmV0LUlyaXMtNC1zY2FsZWQuanBnIiwic2xpZGVzaG93IjoiMmVmMmViOCJ9\">\n\t\t\t\t\t<div class=\"e-gallery-image elementor-gallery-item__image\" data-thumbnail=\"https:\/\/classicparfums.com\/wp-content\/uploads\/Velvet-Iris-4-scaled.jpg\" data-width=\"2048\" data-height=\"2560\" aria-label=\"\" role=\"img\" ><\/div>\n\t\t\t\t\t\t\t\t\t\t\t<div class=\"elementor-gallery-item__overlay\"><\/div>\n\t\t\t\t\t\t\t\t\t\t\t\t\t\t<\/a>\n\t\t\t\t\t\t\t<a class=\"e-gallery-item elementor-gallery-item elementor-animated-content\" href=\"https:\/\/classicparfums.com\/wp-content\/uploads\/Swedish-wood-2.jpg\" data-elementor-open-lightbox=\"yes\" data-elementor-lightbox-slideshow=\"2ef2eb8\" data-e-action-hash=\"#elementor-action%3Aaction%3Dlightbox%26settings%3DeyJpZCI6MzU0NiwidXJsIjoiaHR0cHM6XC9cL2NsYXNzaWNwYXJmdW1zLmNvbVwvd3AtY29udGVudFwvdXBsb2Fkc1wvU3dlZGlzaC13b29kLTIuanBnIiwic2xpZGVzaG93IjoiMmVmMmViOCJ9\">\n\t\t\t\t\t<div class=\"e-gallery-image elementor-gallery-item__image\" data-thumbnail=\"https:\/\/classicparfums.com\/wp-content\/uploads\/Swedish-wood-2.jpg\" data-width=\"1365\" data-height=\"2048\" aria-label=\"\" role=\"img\" ><\/div>\n\t\t\t\t\t\t\t\t\t\t\t<div class=\"elementor-gallery-item__overlay\"><\/div>\n\t\t\t\t\t\t\t\t\t\t\t\t\t\t<\/a>\n\t\t\t\t\t\t\t<a class=\"e-gallery-item elementor-gallery-item elementor-animated-content\" href=\"https:\/\/classicparfums.com\/wp-content\/uploads\/Dorasima-4-scaled.jpg\" data-elementor-open-lightbox=\"yes\" data-elementor-lightbox-slideshow=\"2ef2eb8\" data-e-action-hash=\"#elementor-action%3Aaction%3Dlightbox%26settings%3DeyJpZCI6MzU0NywidXJsIjoiaHR0cHM6XC9cL2NsYXNzaWNwYXJmdW1zLmNvbVwvd3AtY29udGVudFwvdXBsb2Fkc1wvRG9yYXNpbWEtNC1zY2FsZWQuanBnIiwic2xpZGVzaG93IjoiMmVmMmViOCJ9\">\n\t\t\t\t\t<div class=\"e-gallery-image elementor-gallery-item__image\" data-thumbnail=\"https:\/\/classicparfums.com\/wp-content\/uploads\/Dorasima-4-scaled.jpg\" data-width=\"2048\" data-height=\"2560\" aria-label=\"\" role=\"img\" ><\/div>\n\t\t\t\t\t\t\t\t\t\t\t<div class=\"elementor-gallery-item__overlay\"><\/div>\n\t\t\t\t\t\t\t\t\t\t\t\t\t\t<\/a>\n\t\t\t\t\t\t\t<a class=\"e-gallery-item elementor-gallery-item elementor-animated-content\" href=\"https:\/\/classicparfums.com\/wp-content\/uploads\/XVI-Book-scaled.jpg\" data-elementor-open-lightbox=\"yes\" data-elementor-lightbox-slideshow=\"2ef2eb8\" data-e-action-hash=\"#elementor-action%3Aaction%3Dlightbox%26settings%3DeyJpZCI6MzU0NSwidXJsIjoiaHR0cHM6XC9cL2NsYXNzaWNwYXJmdW1zLmNvbVwvd3AtY29udGVudFwvdXBsb2Fkc1wvWFZJLUJvb2stc2NhbGVkLmpwZyIsInNsaWRlc2hvdyI6IjJlZjJlYjgifQ%3D%3D\">\n\t\t\t\t\t<div class=\"e-gallery-image elementor-gallery-item__image\" data-thumbnail=\"https:\/\/classicparfums.com\/wp-content\/uploads\/XVI-Book-scaled.jpg\" data-width=\"1920\" data-height=\"2560\" aria-label=\"\" role=\"img\" ><\/div>\n\t\t\t\t\t\t\t\t\t\t\t<div class=\"elementor-gallery-item__overlay\"><\/div>\n\t\t\t\t\t\t\t\t\t\t\t\t\t\t<\/a>\n\t\t\t\t\t<\/div>\n\t\t\t\t\t<\/div>\n\t\t\t\t<\/div>\n\t\t\t\t\t<\/div>\n\t\t<\/div>\n\t\t\t\t\t<\/div>\n\t\t<\/section>\n\t\t\t\t<\/div>","protected":false},"excerpt":{"rendered":"<p>https:\/\/www.classicparfums.com\/wp-content\/uploads\/Pan-dora-reklam.mp4 Pana dora Um die Geschichte der Parfums von Pana Dora zu entdecken, m\u00fcssen Sie sich auf das Abenteuer der schwedischen Kultur Lebensart begeben. Die Geschichte dieser Parfums beginnt im 17. Jahrhundert, in der \u00c4ra des schwedischen Durchbruchs und der Einheit des Landes. Das gro\u00dfe schwedische Reich stand mit seinen M\u00e4rkten und Gesch\u00e4ften dar, die [&hellip;]<\/p>\n","protected":false},"author":5,"featured_media":0,"parent":0,"menu_order":17,"comment_status":"closed","ping_status":"closed","template":"","meta":{"footnotes":""},"class_list":["post-2345","page","type-page","status-publish","hentry"],"_links":{"self":[{"href":"https:\/\/www.classicparfums.com\/en\/wp-json\/wp\/v2\/pages\/2345","targetHints":{"allow":["GET"]}}],"collection":[{"href":"https:\/\/www.classicparfums.com\/en\/wp-json\/wp\/v2\/pages"}],"about":[{"href":"https:\/\/www.classicparfums.com\/en\/wp-json\/wp\/v2\/types\/page"}],"author":[{"embeddable":true,"href":"https:\/\/www.classicparfums.com\/en\/wp-json\/wp\/v2\/users\/5"}],"replies":[{"embeddable":true,"href":"https:\/\/www.classicparfums.com\/en\/wp-json\/wp\/v2\/comments?post=2345"}],"version-history":[{"count":0,"href":"https:\/\/www.classicparfums.com\/en\/wp-json\/wp\/v2\/pages\/2345\/revisions"}],"wp:attachment":[{"href":"https:\/\/www.classicparfums.com\/en\/wp-json\/wp\/v2\/media?parent=2345"}],"curies":[{"name":"wp","href":"https:\/\/api.w.org\/{rel}","templated":true}]}}