{"id":3766,"date":"2023-02-22T14:36:34","date_gmt":"2023-02-22T13:36:34","guid":{"rendered":"https:\/\/www.classicparfums.com\/?page_id=3766"},"modified":"2026-01-22T11:22:35","modified_gmt":"2026-01-22T10:22:35","slug":"impressum","status":"publish","type":"page","link":"https:\/\/www.classicparfums.com\/en\/impressum\/","title":{"rendered":"legal notice"},"content":{"rendered":"<div data-elementor-type=\"wp-page\" data-elementor-id=\"3766\" class=\"elementor elementor-3766\" data-elementor-post-type=\"page\">\n\t\t\t\t\t\t<section class=\"elementor-section elementor-top-section elementor-element elementor-element-169b963 elementor-section-boxed elementor-section-height-default elementor-section-height-default\" data-id=\"169b963\" data-element_type=\"section\" data-e-type=\"section\">\n\t\t\t\t\t\t<div class=\"elementor-container elementor-column-gap-default\">\n\t\t\t\t\t<div class=\"elementor-column elementor-col-50 elementor-top-column elementor-element elementor-element-7821558\" data-id=\"7821558\" data-element_type=\"column\" data-e-type=\"column\">\n\t\t\t<div class=\"elementor-widget-wrap elementor-element-populated\">\n\t\t\t\t\t\t<div class=\"elementor-element elementor-element-4ca7600 elementor-widget elementor-widget-heading\" data-id=\"4ca7600\" data-element_type=\"widget\" data-e-type=\"widget\" data-widget_type=\"heading.default\">\n\t\t\t\t<div class=\"elementor-widget-container\">\n\t\t\t\t\t<h2 class=\"elementor-heading-title elementor-size-default\">legal notice<\/h2>\t\t\t\t<\/div>\n\t\t\t\t<\/div>\n\t\t\t\t<div class=\"elementor-element elementor-element-049186c elementor-widget elementor-widget-text-editor\" data-id=\"049186c\" data-element_type=\"widget\" data-e-type=\"widget\" data-widget_type=\"text-editor.default\">\n\t\t\t\t<div class=\"elementor-widget-container\">\n\t\t\t\t\t\t\t\t\t<header data-elementor-type=\"single-page\" data-elementor-id=\"2902\">\n<section data-id=\"82b99ac\" data-element_type=\"section\">\n<div>\n<div data-id=\"3a9608c\" data-element_type=\"column\">\n<div>\n<div data-id=\"530678b\" data-element_type=\"widget\" data-widget_type=\"theme-post-content.default\">\n<div>\n<p>Herbert Stricker Classic Parfums GmbH<br>Unterlindau 29<br>60323 Frankfurt am Main<\/p>\n<p>Phone: +49-69-920339109<br>Fax: +49-69-920339200<br>E-Mail: <a href=\"mailto:office@classicparfums.com\">office@classicparfums.com<\/a><\/p>\n<p>Represented by:<br>Gesch\u00e4ftsf\u00fchrer &#8211; Herrn Herbert Stricker<\/p>\n<p>Gesch\u00e4ftsf\u00fchrer &#8211; Herrn Stephan Kemen<\/p>\n<p>Gesch\u00e4ftsf\u00fchrerin &#8211; Frau Swantje M\u00fcller<\/p>\n<p>Register Entry:<br>Registered in the commercial register.<br>Register court: Frankfurt<br>Register number: HRB 126383<\/p>\n<p>VAT ID: <br>VAT identification number pursuant to \u00a7 27a Umsatzsteuergesetz:<br>DE811636299<\/p>\n<p><strong><br>Disclaimer<\/strong><\/p>\n<p>\u00a7 1 Warning regarding content<br>The free and publicly accessible content on this website has been created with the greatest possible care. However, the provider of this website does not assume any liability for the accuracy and up-to-dateness of the free and publicly accessible journalistic advice and news provided. Contributions identified by name reflect the opinion of the respective author and not always the opinion of the provider. The mere access to the free and publicly accessible content does not establish any contractual relationship between the user and the provider, insofar as the provider lacks the legal intention to be bound.<\/p>\n<p>\u00a7 2 External links<br>This website contains links to third-party websites (\"external links\"). These websites are the responsibility of the respective operators. When first linking to the external links, the provider checked the third-party content for any legal violations. At that time, no legal violations were apparent. The provider has no influence on the current and future design and content of the linked pages. The setting of external links does not mean that the provider adopts the content behind the reference or link as its own. A constant control of the external links is not reasonable for the provider without concrete indications of legal violations. However, upon becoming aware of legal violations, such external links will be deleted immediately.<\/p>\n<p>\u00a7 3 Copyright and ancillary copyright<br>The content published on this website is subject to German copyright and ancillary copyright law. Any use not permitted by German copyright and ancillary copyright law requires the prior written consent of the provider or the respective rights holder. This applies in particular to reproduction, processing, translation, storage, processing or reproduction of content in databases or other electronic media and systems. Content and rights of third parties are marked as such. The unauthorized reproduction or distribution of individual contents or complete pages is not permitted and is punishable. Only the production of copies and downloads for personal, private and non-commercial use is permitted.<\/p>\n<p>The presentation of this website in external frames is only permitted with written permission.<\/p>\n<p>\u00a7 4 Special terms of use<br>Insofar as special conditions for individual uses of this website deviate from the aforementioned paragraphs, this will be expressly pointed out at the appropriate place. In this case, the special terms of use shall apply in each individual case.<\/p>\n<p>Source: <a href=\"https:\/\/www.juraforum.de\/impressum-generator\/\">Impressum Generator von JuraForum.de<\/a><\/p>\n<\/div>\n<\/div>\n<\/div>\n<\/div>\n<\/div>\n<\/section>\n<\/header>\t\t\t\t\t\t\t\t<\/div>\n\t\t\t\t<\/div>\n\t\t\t\t\t<\/div>\n\t\t<\/div>\n\t\t\t\t<div class=\"elementor-column elementor-col-50 elementor-top-column elementor-element elementor-element-79ccfb5\" data-id=\"79ccfb5\" data-element_type=\"column\" data-e-type=\"column\">\n\t\t\t<div class=\"elementor-widget-wrap\">\n\t\t\t\t\t\t\t<\/div>\n\t\t<\/div>\n\t\t\t\t\t<\/div>\n\t\t<\/section>\n\t\t\t\t<\/div>","protected":false},"excerpt":{"rendered":"<p>Impressum Herbert Stricker Classic Parfums GmbHUnterlindau 2960323 Frankfurt am Main Telefon: +49-69-920339109Telefax: +49-69-920339200E-Mail: office@classicparfums.com Vertreten durch:Gesch\u00e4ftsf\u00fchrer &#8211; Herrn Herbert Stricker Gesch\u00e4ftsf\u00fchrer &#8211; Herrn Stephan Kemen Gesch\u00e4ftsf\u00fchrerin &#8211; Frau Swantje M\u00fcller Registereintrag:Eingetragen im Handelsregister.Registergericht: FrankfurtRegisternummer: HRB 126383 Umsatzsteuer-ID: Umsatzsteuer-Identifikationsnummer nach \u00a727a Umsatzsteuergesetz:DE811636299 Disclaimer \u2013 rechtliche Hinweise \u00a7 1 Warnhinweis zu InhaltenDie kostenlosen und frei zug\u00e4nglichen Inhalte [&hellip;]<\/p>\n","protected":false},"author":5,"featured_media":0,"parent":0,"menu_order":1,"comment_status":"closed","ping_status":"closed","template":"","meta":{"footnotes":""},"class_list":["post-3766","page","type-page","status-publish","hentry"],"_links":{"self":[{"href":"https:\/\/www.classicparfums.com\/en\/wp-json\/wp\/v2\/pages\/3766","targetHints":{"allow":["GET"]}}],"collection":[{"href":"https:\/\/www.classicparfums.com\/en\/wp-json\/wp\/v2\/pages"}],"about":[{"href":"https:\/\/www.classicparfums.com\/en\/wp-json\/wp\/v2\/types\/page"}],"author":[{"embeddable":true,"href":"https:\/\/www.classicparfums.com\/en\/wp-json\/wp\/v2\/users\/5"}],"replies":[{"embeddable":true,"href":"https:\/\/www.classicparfums.com\/en\/wp-json\/wp\/v2\/comments?post=3766"}],"version-history":[{"count":3,"href":"https:\/\/www.classicparfums.com\/en\/wp-json\/wp\/v2\/pages\/3766\/revisions"}],"predecessor-version":[{"id":5392,"href":"https:\/\/www.classicparfums.com\/en\/wp-json\/wp\/v2\/pages\/3766\/revisions\/5392"}],"wp:attachment":[{"href":"https:\/\/www.classicparfums.com\/en\/wp-json\/wp\/v2\/media?parent=3766"}],"curies":[{"name":"wp","href":"https:\/\/api.w.org\/{rel}","templated":true}]}}